{"id":349,"date":"2025-06-15T10:01:01","date_gmt":"2025-06-15T10:01:01","guid":{"rendered":"https:\/\/doktor.octosus.cz\/?page_id=349"},"modified":"2025-12-15T18:12:45","modified_gmt":"2025-12-15T18:12:45","slug":"kontakt","status":"publish","type":"page","link":"https:\/\/www.xyrix.cz\/?page_id=349","title":{"rendered":"Kontakt"},"content":{"rendered":"\n<div class=\"wp-block-group has-global-padding is-layout-constrained wp-container-core-group-is-layout-362141c1 wp-block-group-is-layout-constrained\" style=\"padding-top:var(--wp--preset--spacing--x-small);padding-right:var(--wp--preset--spacing--xx-small);padding-bottom:var(--wp--preset--spacing--x-small);padding-left:var(--wp--preset--spacing--xx-small)\">\n<h2 class=\"wp-block-heading\">Kontakt<\/h2>\n\n\n\n<div class=\"wp-block-columns is-layout-flex wp-container-core-columns-is-layout-3e7c2c59 wp-block-columns-is-layout-flex\" style=\"padding-top:var(--wp--preset--spacing--x-small)\">\n<div class=\"wp-block-column is-layout-flow wp-block-column-is-layout-flow\">\n<h4 class=\"wp-block-heading\">Adresa<\/h4>\n\n\n\n<p>Chirugie: <a href=\"https:\/\/goo.gl\/maps\/zDGwVNHxh148GBru9\">N\u00e1m\u011bst\u00ed M\u00edru 149, \u0160luknov 407 77<\/a><\/p>\n\n\n\n<p>Praktick\u00e1 ordinace: <a href=\"https:\/\/share.google\/Vw7GZ0f8uc2wLO3pR\">Po\u0161tovn\u00ed 2060, Varnsdorf 407 47<\/a><\/p>\n\n\n\n<h4 class=\"wp-block-heading\">Telefon<\/h4>\n\n\n\n<p><a href=\"tel:+420725747404\">+420 725 747 404<\/a><\/p>\n\n\n\n<h4 class=\"wp-block-heading\">E-mail<\/h4>\n\n\n\n<p><a href=\"mailto:xyrix@xyrix.cz\">xyrix@xyrix.cz<\/a><\/p>\n\n\n\n<h4 class=\"wp-block-heading\">Kody Meddi<\/h4>\n\n\n\n<p>Kod l\u00e9ka\u0159e: <strong>4mfc69<\/strong><br>Kod pracovi\u0161t\u011b: <strong>5hf93q9<\/strong> <\/p>\n<\/div>\n\n\n\n<div class=\"wp-block-column is-layout-flow wp-block-column-is-layout-flow\">\n<div class=\"wp-block-gmap-gmap-block gmap-block-quy3t0gf\"><iframe src=\"https:\/\/maps.google.com\/maps?q=N%C3%A1m%C4%9Bst%C3%AD+M%C3%ADru+149%2C+%C5%A0luknov+407+77&amp;z=13&amp;t=roadmap&amp;output=embed\" class=\"embd-map\" title=\"N\u00e1m\u011bst\u00ed M\u00edru 149, \u0160luknov 407 77\"><\/iframe><\/div>\n\n\n\n<div class=\"wp-block-gmap-gmap-block gmap-block-t5fa6jy8\"><iframe src=\"https:\/\/maps.google.com\/maps?q=Po%C5%A1tovn%C3%AD+2060%2C+Varnsdorf+407+47&amp;z=14&amp;t=roadmap&amp;output=embed\" class=\"embd-map\" title=\"Po\u0161tovn\u00ed 2060, Varnsdorf 407 47\"><\/iframe><\/div>\n<\/div>\n<\/div>\n<\/div>\n\n\n\n<p><\/p>\n","protected":false},"excerpt":{"rendered":"<p>Kontakt Adresa Chirugie: N\u00e1m\u011bst\u00ed M\u00edru 149, \u0160luknov 407 77 Praktick\u00e1 ordinace: Po\u0161tovn\u00ed 2060, Varnsdorf 407 47 Telefon +420 725 747 404 E-mail xyrix@xyrix.cz Kody Meddi Kod l\u00e9ka\u0159e: 4mfc69Kod pracovi\u0161t\u011b: 5hf93q9<\/p>\n","protected":false},"author":1,"featured_media":0,"parent":0,"menu_order":0,"comment_status":"closed","ping_status":"closed","template":"blank","meta":{"pgc_sgb_lightbox_settings":"","footnotes":""},"class_list":["post-349","page","type-page","status-publish","hentry"],"yoast_head":"<!-- This site is optimized with the Yoast SEO plugin v27.2 - https:\/\/yoast.com\/product\/yoast-seo-wordpress\/ -->\n<title>Kontakt - Xyrix<\/title>\n<meta name=\"robots\" content=\"index, follow, max-snippet:-1, max-image-preview:large, max-video-preview:-1\" \/>\n<link rel=\"canonical\" href=\"https:\/\/www.xyrix.cz\/?page_id=349\" \/>\n<meta property=\"og:locale\" content=\"en_US\" \/>\n<meta property=\"og:type\" content=\"article\" \/>\n<meta property=\"og:title\" content=\"Kontakt - Xyrix\" \/>\n<meta property=\"og:description\" content=\"Kontakt Adresa Chirugie: N\u00e1m\u011bst\u00ed M\u00edru 149, \u0160luknov 407 77 Praktick\u00e1 ordinace: Po\u0161tovn\u00ed 2060, Varnsdorf 407 47 Telefon +420 725 747 404 E-mail xyrix@xyrix.cz Kody Meddi Kod l\u00e9ka\u0159e: 4mfc69Kod pracovi\u0161t\u011b: 5hf93q9\" \/>\n<meta property=\"og:url\" content=\"https:\/\/www.xyrix.cz\/?page_id=349\" \/>\n<meta property=\"og:site_name\" content=\"Xyrix\" \/>\n<meta property=\"article:modified_time\" content=\"2025-12-15T18:12:45+00:00\" \/>\n<meta name=\"twitter:card\" content=\"summary_large_image\" \/>\n<meta name=\"twitter:label1\" content=\"Est. reading time\" \/>\n\t<meta name=\"twitter:data1\" content=\"1 minute\" \/>\n<script type=\"application\/ld+json\" class=\"yoast-schema-graph\">{\"@context\":\"https:\/\/schema.org\",\"@graph\":[{\"@type\":\"WebPage\",\"@id\":\"https:\/\/www.xyrix.cz\/?page_id=349\",\"url\":\"https:\/\/www.xyrix.cz\/?page_id=349\",\"name\":\"Kontakt - Xyrix\",\"isPartOf\":{\"@id\":\"https:\/\/www.xyrix.cz\/#website\"},\"datePublished\":\"2025-06-15T10:01:01+00:00\",\"dateModified\":\"2025-12-15T18:12:45+00:00\",\"breadcrumb\":{\"@id\":\"https:\/\/www.xyrix.cz\/?page_id=349#breadcrumb\"},\"inLanguage\":\"en-US\",\"potentialAction\":[{\"@type\":\"ReadAction\",\"target\":[\"https:\/\/www.xyrix.cz\/?page_id=349\"]}]},{\"@type\":\"BreadcrumbList\",\"@id\":\"https:\/\/www.xyrix.cz\/?page_id=349#breadcrumb\",\"itemListElement\":[{\"@type\":\"ListItem\",\"position\":1,\"name\":\"Home\",\"item\":\"https:\/\/www.xyrix.cz\/\"},{\"@type\":\"ListItem\",\"position\":2,\"name\":\"Kontakt\"}]},{\"@type\":\"WebSite\",\"@id\":\"https:\/\/www.xyrix.cz\/#website\",\"url\":\"https:\/\/www.xyrix.cz\/\",\"name\":\"Chirurgie \u0160luknov | Komplexn\u00ed P\u00e9\u010de a Estetick\u00e1 Medic\u00edna\",\"description\":\"Klinika s v\u00e1\u0161n\u00ed pro zdrav\u00ed\",\"publisher\":{\"@id\":\"https:\/\/www.xyrix.cz\/#organization\"},\"alternateName\":\"Xyrix\",\"potentialAction\":[{\"@type\":\"SearchAction\",\"target\":{\"@type\":\"EntryPoint\",\"urlTemplate\":\"https:\/\/www.xyrix.cz\/?s={search_term_string}\"},\"query-input\":{\"@type\":\"PropertyValueSpecification\",\"valueRequired\":true,\"valueName\":\"search_term_string\"}}],\"inLanguage\":\"en-US\"},{\"@type\":\"Organization\",\"@id\":\"https:\/\/www.xyrix.cz\/#organization\",\"name\":\"Xyrix s.r.o.\",\"url\":\"https:\/\/www.xyrix.cz\/\",\"logo\":{\"@type\":\"ImageObject\",\"inLanguage\":\"en-US\",\"@id\":\"https:\/\/www.xyrix.cz\/#\/schema\/logo\/image\/\",\"url\":\"https:\/\/www.xyrix.cz\/wp-content\/uploads\/2025\/06\/svgviewer-png-output-1.png\",\"contentUrl\":\"https:\/\/www.xyrix.cz\/wp-content\/uploads\/2025\/06\/svgviewer-png-output-1.png\",\"width\":196,\"height\":76,\"caption\":\"Xyrix s.r.o.\"},\"image\":{\"@id\":\"https:\/\/www.xyrix.cz\/#\/schema\/logo\/image\/\"}}]}<\/script>\n<!-- \/ Yoast SEO plugin. -->","yoast_head_json":{"title":"Kontakt - Xyrix","robots":{"index":"index","follow":"follow","max-snippet":"max-snippet:-1","max-image-preview":"max-image-preview:large","max-video-preview":"max-video-preview:-1"},"canonical":"https:\/\/www.xyrix.cz\/?page_id=349","og_locale":"en_US","og_type":"article","og_title":"Kontakt - Xyrix","og_description":"Kontakt Adresa Chirugie: N\u00e1m\u011bst\u00ed M\u00edru 149, \u0160luknov 407 77 Praktick\u00e1 ordinace: Po\u0161tovn\u00ed 2060, Varnsdorf 407 47 Telefon +420 725 747 404 E-mail xyrix@xyrix.cz Kody Meddi Kod l\u00e9ka\u0159e: 4mfc69Kod pracovi\u0161t\u011b: 5hf93q9","og_url":"https:\/\/www.xyrix.cz\/?page_id=349","og_site_name":"Xyrix","article_modified_time":"2025-12-15T18:12:45+00:00","twitter_card":"summary_large_image","twitter_misc":{"Est. reading time":"1 minute"},"schema":{"@context":"https:\/\/schema.org","@graph":[{"@type":"WebPage","@id":"https:\/\/www.xyrix.cz\/?page_id=349","url":"https:\/\/www.xyrix.cz\/?page_id=349","name":"Kontakt - Xyrix","isPartOf":{"@id":"https:\/\/www.xyrix.cz\/#website"},"datePublished":"2025-06-15T10:01:01+00:00","dateModified":"2025-12-15T18:12:45+00:00","breadcrumb":{"@id":"https:\/\/www.xyrix.cz\/?page_id=349#breadcrumb"},"inLanguage":"en-US","potentialAction":[{"@type":"ReadAction","target":["https:\/\/www.xyrix.cz\/?page_id=349"]}]},{"@type":"BreadcrumbList","@id":"https:\/\/www.xyrix.cz\/?page_id=349#breadcrumb","itemListElement":[{"@type":"ListItem","position":1,"name":"Home","item":"https:\/\/www.xyrix.cz\/"},{"@type":"ListItem","position":2,"name":"Kontakt"}]},{"@type":"WebSite","@id":"https:\/\/www.xyrix.cz\/#website","url":"https:\/\/www.xyrix.cz\/","name":"Chirurgie \u0160luknov | Komplexn\u00ed P\u00e9\u010de a Estetick\u00e1 Medic\u00edna","description":"Klinika s v\u00e1\u0161n\u00ed pro zdrav\u00ed","publisher":{"@id":"https:\/\/www.xyrix.cz\/#organization"},"alternateName":"Xyrix","potentialAction":[{"@type":"SearchAction","target":{"@type":"EntryPoint","urlTemplate":"https:\/\/www.xyrix.cz\/?s={search_term_string}"},"query-input":{"@type":"PropertyValueSpecification","valueRequired":true,"valueName":"search_term_string"}}],"inLanguage":"en-US"},{"@type":"Organization","@id":"https:\/\/www.xyrix.cz\/#organization","name":"Xyrix s.r.o.","url":"https:\/\/www.xyrix.cz\/","logo":{"@type":"ImageObject","inLanguage":"en-US","@id":"https:\/\/www.xyrix.cz\/#\/schema\/logo\/image\/","url":"https:\/\/www.xyrix.cz\/wp-content\/uploads\/2025\/06\/svgviewer-png-output-1.png","contentUrl":"https:\/\/www.xyrix.cz\/wp-content\/uploads\/2025\/06\/svgviewer-png-output-1.png","width":196,"height":76,"caption":"Xyrix s.r.o."},"image":{"@id":"https:\/\/www.xyrix.cz\/#\/schema\/logo\/image\/"}}]}},"_links":{"self":[{"href":"https:\/\/www.xyrix.cz\/index.php?rest_route=\/wp\/v2\/pages\/349","targetHints":{"allow":["GET"]}}],"collection":[{"href":"https:\/\/www.xyrix.cz\/index.php?rest_route=\/wp\/v2\/pages"}],"about":[{"href":"https:\/\/www.xyrix.cz\/index.php?rest_route=\/wp\/v2\/types\/page"}],"author":[{"embeddable":true,"href":"https:\/\/www.xyrix.cz\/index.php?rest_route=\/wp\/v2\/users\/1"}],"replies":[{"embeddable":true,"href":"https:\/\/www.xyrix.cz\/index.php?rest_route=%2Fwp%2Fv2%2Fcomments&post=349"}],"version-history":[{"count":5,"href":"https:\/\/www.xyrix.cz\/index.php?rest_route=\/wp\/v2\/pages\/349\/revisions"}],"predecessor-version":[{"id":447,"href":"https:\/\/www.xyrix.cz\/index.php?rest_route=\/wp\/v2\/pages\/349\/revisions\/447"}],"wp:attachment":[{"href":"https:\/\/www.xyrix.cz\/index.php?rest_route=%2Fwp%2Fv2%2Fmedia&parent=349"}],"curies":[{"name":"wp","href":"https:\/\/api.w.org\/{rel}","templated":true}]}}