{"id":175,"date":"2025-06-10T08:07:04","date_gmt":"2025-06-10T08:07:04","guid":{"rendered":"https:\/\/doktor.octosus.cz\/?page_id=175"},"modified":"2026-01-24T21:59:32","modified_gmt":"2026-01-24T21:59:32","slug":"nasi-lekari","status":"publish","type":"page","link":"https:\/\/www.xyrix.cz\/?page_id=175","title":{"rendered":"Na\u0161i l\u00e9ka\u0159i"},"content":{"rendered":"\n<p><\/p>\n\n\n\n\n\n\n\n\n\n\n\n<div class=\"wp-block-group alignfull has-primary-background-color has-background has-global-padding is-layout-constrained wp-container-core-group-is-layout-29dfedb6 wp-block-group-is-layout-constrained\" style=\"margin-top:0;margin-bottom:0;padding-top:var(--wp--preset--spacing--xx-large);padding-right:var(--wp--preset--spacing--x-small);padding-bottom:var(--wp--preset--spacing--xx-large);padding-left:var(--wp--preset--spacing--x-small)\">\n<div class=\"wp-block-columns is-layout-flex wp-container-core-columns-is-layout-9859d175 wp-block-columns-is-layout-flex\">\n<div class=\"wp-block-column is-layout-flow wp-block-column-is-layout-flow\" style=\"flex-basis:25%\">\n<div class=\"wp-block-columns is-layout-flex wp-container-core-columns-is-layout-9a20cdea wp-block-columns-is-layout-flex\">\n<div class=\"wp-block-column has-accent-text-background-color has-background is-layout-flow wp-container-core-column-is-layout-8a368f38 wp-block-column-is-layout-flow\" style=\"border-radius:30px\">\n<figure class=\"wp-block-image aligncenter size-full has-custom-border\" style=\"margin-bottom:-50px\"><img loading=\"lazy\" decoding=\"async\" width=\"1144\" height=\"1616\" src=\"https:\/\/www.xyrix.cz\/wp-content\/uploads\/2025\/12\/klara.jpg\" alt=\"\" class=\"wp-image-448\" style=\"border-top-left-radius:30px;border-top-right-radius:30px\" srcset=\"https:\/\/www.xyrix.cz\/wp-content\/uploads\/2025\/12\/klara.jpg 1144w, https:\/\/www.xyrix.cz\/wp-content\/uploads\/2025\/12\/klara-212x300.jpg 212w, https:\/\/www.xyrix.cz\/wp-content\/uploads\/2025\/12\/klara-725x1024.jpg 725w, https:\/\/www.xyrix.cz\/wp-content\/uploads\/2025\/12\/klara-768x1085.jpg 768w, https:\/\/www.xyrix.cz\/wp-content\/uploads\/2025\/12\/klara-1087x1536.jpg 1087w\" sizes=\"auto, (max-width: 1144px) 100vw, 1144px\" \/><\/figure>\n\n\n\n<div class=\"wp-block-group is-content-justification-center is-nowrap is-layout-flex wp-container-core-group-is-layout-23441af8 wp-block-group-is-layout-flex\">\n<div class=\"wp-block-group has-border-color has-accent-text-border-color has-primary-background-color has-background has-global-padding is-layout-constrained wp-container-core-group-is-layout-ce8a117f wp-block-group-is-layout-constrained\" style=\"border-width:4px;border-radius:100%;padding-top:var(--wp--preset--spacing--x-small);padding-right:var(--wp--preset--spacing--x-small);padding-bottom:var(--wp--preset--spacing--x-small);padding-left:var(--wp--preset--spacing--x-small)\">\n<figure class=\"wp-block-image size-full is-resized\"><img decoding=\"async\" src=\"https:\/\/www.xyrix.cz\/wp-content\/themes\/blockskit-medical-health\/assets\/images\/team-img2.png\" alt=\"\" class=\"wp-image-404\" style=\"object-fit:contain;width:40px;height:40px\"\/><\/figure>\n<\/div>\n<\/div>\n\n\n\n<div class=\"wp-block-group has-global-padding is-layout-constrained wp-container-core-group-is-layout-670e1afc wp-block-group-is-layout-constrained\" style=\"padding-top:var(--wp--preset--spacing--x-small);padding-right:var(--wp--preset--spacing--x-small);padding-bottom:var(--wp--preset--spacing--small);padding-left:var(--wp--preset--spacing--x-small)\">\n<h5 class=\"wp-block-heading has-text-align-center has-manrope-font-family\" style=\"font-style:normal;font-weight:700\">Kl\u00e1ra Maru\u0161\u00e1kov\u00e1<\/h5>\n\n\n\n<p class=\"has-text-align-center has-small-font-size\">Sest\u0159i\u010dka<\/p>\n<\/div>\n<\/div>\n<\/div>\n<\/div>\n\n\n\n<div class=\"wp-block-column is-vertically-aligned-center is-layout-flow wp-container-core-column-is-layout-0a386c5a wp-block-column-is-layout-flow\" style=\"flex-basis:75%\">\n<h1 class=\"wp-block-heading has-accent-text-color has-text-color has-link-color wp-elements-95a152bf077ba8582c254419c4ac8013\">Kl\u00e1ra Maru\u0161\u00e1kov\u00e1<\/h1>\n\n\n\n<p class=\"has-accent-text-color has-text-color has-link-color has-medium-font-size wp-elements-117067f9a411bc80f553210377b55fd5\"><strong>Ahoj,<\/strong> jmenuji se Kl\u00e1ra Maru\u0161\u00e1kov\u00e1.<\/p>\n\n\n\n<p class=\"has-accent-text-color has-text-color has-link-color wp-elements-5ea8d0e474250146783a87c86ba99a59\">Sv\u016fj profesn\u00ed \u017eivot jsem zasv\u011btila povol\u00e1n\u00ed sestra ve zdravotnictv\u00ed. Mou n\u00e1pln\u00ed pr\u00e1ce je starat se o lidi. Tento obor jsem si vybrala, jeliko\u017e mne bav\u00ed pom\u00e1hat ostatn\u00edm. Pracuji na polovi\u010dn\u00ed \u00favazek v Krajsk\u00e9 nemocnici v Liberci na intermedi\u00e1rn\u00edm JIP.<br>Pro pr\u00e1ci v ambulanci ve \u0160luknov\u011b jsem se rozhodla, abych mohla pom\u00e1hat i lidem v na\u0161em m\u011bst\u011b.<\/p>\n\n\n\n<p class=\"has-accent-text-color has-text-color has-link-color wp-elements-98bd82ddc8d5561c75ce90a81cd93b4f\">Jsem maminkou mal\u00e9ho Honz\u00edka, miluji sv\u00e9ho mu\u017ee a svou rodinu. M\u00e1m r\u00e1da dobr\u00e9 j\u00eddlo a sv\u016fj \u017eivot, kter\u00fd bych nikdy nem\u011bnila.<\/p>\n\n\n\n<p class=\"has-accent-text-color has-text-color has-link-color wp-elements-222cc5dd0a7fc7c0c5802c5b989b97fd\">R\u00e1da pozn\u00e1v\u00e1m nov\u00e9 lidi a u\u010d\u00edm se nov\u00e9 v\u011bci.<\/p>\n\n\n\n<p class=\"has-surface-color has-text-color has-link-color wp-elements-3c52ed666e26dc813059801c37391915\"><em>S \u00fasm\u011bvem jde v\u0161echno l\u00e9pe. Nezapom\u00ednejte!<\/em><\/p>\n\n\n\n<p class=\"has-accent-text-color has-text-color has-link-color has-medium-font-size wp-elements-ba2196b38e5664d5baae046820426a45\">Va\u0161e Kl\u00e1ra<\/p>\n<\/div>\n<\/div>\n<\/div>\n\n\n\n<div class=\"wp-block-group alignfull has-global-padding is-layout-constrained wp-container-core-group-is-layout-13eb80da wp-block-group-is-layout-constrained\" id=\"reference\" style=\"margin-top:0;margin-bottom:0;padding-top:100px;padding-right:var(--wp--preset--spacing--x-small);padding-bottom:100px;padding-left:var(--wp--preset--spacing--x-small)\">\n<div class=\"wp-block-group has-global-padding is-layout-constrained wp-container-core-group-is-layout-f5f3bcb8 wp-block-group-is-layout-constrained\">\n<h3 class=\"wp-block-heading has-text-align-center has-manrope-font-family has-xxx-large-font-size\" style=\"font-style:normal;font-weight:800;line-height:1.1\">P\u0159e\u010dt\u011bte si, co o n\u00e1s \u0159\u00edkaj\u00ed na\u0161i pacienti<\/h3>\n\n\n\n<p class=\"has-text-align-center has-medium-font-size\">Recenze poch\u00e1zej\u00ed z webu <a href=\"https:\/\/www.znamylekar.cz\/martin-vavrusa\/chirurg-prakticky-lekar\/sluknov\">Zn\u00e1m\u00fdL\u00e9ka\u0159<\/a>.<\/p>\n\n\n\n<div class=\"wp-block-cb-carousel-v2 cb-carousel-block\" data-cb-slides-per-view=\"1\" data-cb-slides-per-group=\"1\" data-cb-space-between=\"15\" data-cb-speed=\"300\" data-cb-pagination=\"true\" data-cb-breakpoints=\"{&quot;768&quot;:{&quot;slidesPerView&quot;:2,&quot;slidesPerGroup&quot;:1}}\"><div class=\"swiper\"><div class=\"cb-wrapper swiper-wrapper\">\n<div class=\"wp-block-cb-slide-v2 cb-slide swiper-slide\">\n<div class=\"wp-block-group has-light-background-color has-background has-global-padding is-layout-constrained wp-container-core-group-is-layout-21bfebb6 wp-block-group-is-layout-constrained\" style=\"border-radius:30px;padding-top:var(--wp--preset--spacing--large);padding-right:var(--wp--preset--spacing--large);padding-bottom:var(--wp--preset--spacing--large);padding-left:var(--wp--preset--spacing--large)\">\n<figure class=\"wp-block-image size-full\"><img decoding=\"async\" src=\"https:\/\/www.xyrix.cz\/wp-content\/themes\/blockskit-medical-health\/assets\/images\/review-img3.png\" alt=\"\" class=\"wp-image-409\"\/><\/figure>\n\n\n\n<p class=\"has-medium-font-size\" style=\"margin-top:var(--wp--preset--spacing--small);margin-bottom:var(--wp--preset--spacing--x-small)\">Cht\u011bla bych pod\u011bkovat za skv\u011bl\u00fd p\u0159\u00edstup pana doktora,m\u00e9 obavy z bolesti, byly zbyte\u010dn\u00e9, proto\u017ee sest\u0159i\u010dka m\u00e1 nej, nej ruce je\u0161t\u011b jednou moc d\u011bkuji<\/p>\n\n\n\n<div class=\"wp-block-group is-nowrap is-layout-flex wp-container-core-group-is-layout-cd9ab148 wp-block-group-is-layout-flex\">\n<div class=\"wp-block-group has-global-padding is-layout-constrained wp-container-core-group-is-layout-19e250f3 wp-block-group-is-layout-constrained\">\n<h5 class=\"wp-block-heading has-manrope-font-family\" style=\"font-style:normal;font-weight:700\">Zdena \u010cechov\u00e1<\/h5>\n\n\n\n<p class=\"has-small-font-size\">Pacient<\/p>\n<\/div>\n<\/div>\n<\/div>\n<\/div>\n\n\n\n<div class=\"wp-block-cb-slide-v2 cb-slide swiper-slide\">\n<div class=\"wp-block-group has-light-background-color has-background has-global-padding is-layout-constrained wp-container-core-group-is-layout-21bfebb6 wp-block-group-is-layout-constrained\" style=\"border-radius:30px;padding-top:var(--wp--preset--spacing--large);padding-right:var(--wp--preset--spacing--large);padding-bottom:var(--wp--preset--spacing--large);padding-left:var(--wp--preset--spacing--large)\">\n<figure class=\"wp-block-image size-full\"><img decoding=\"async\" src=\"https:\/\/www.xyrix.cz\/wp-content\/themes\/blockskit-medical-health\/assets\/images\/review-img3.png\" alt=\"\" class=\"wp-image-409\"\/><\/figure>\n\n\n\n<p class=\"has-medium-font-size\" style=\"margin-top:var(--wp--preset--spacing--small);margin-bottom:var(--wp--preset--spacing--x-small)\">Pana Doktora i sest\u0159i\u010dky mohu doporu\u010dit. Jsou hodn\u00fd mil\u00fd. Skv\u011bl\u00e1 komunikace,v\u0161e prob\u011bhlo hladce rychle a hlavn\u011b bez bolestn\u011b. V\u0161em moc doporu\u010duji.<\/p>\n\n\n\n<div class=\"wp-block-group is-nowrap is-layout-flex wp-container-core-group-is-layout-cd9ab148 wp-block-group-is-layout-flex\">\n<div class=\"wp-block-group has-global-padding is-layout-constrained wp-container-core-group-is-layout-19e250f3 wp-block-group-is-layout-constrained\">\n<h5 class=\"wp-block-heading has-manrope-font-family\" style=\"font-style:normal;font-weight:700\">N. K.<\/h5>\n\n\n\n<p class=\"has-small-font-size\">Patient<\/p>\n<\/div>\n<\/div>\n<\/div>\n<\/div>\n\n\n\n<div class=\"wp-block-cb-slide-v2 cb-slide swiper-slide\">\n<div class=\"wp-block-group has-light-background-color has-background has-global-padding is-layout-constrained wp-container-core-group-is-layout-21bfebb6 wp-block-group-is-layout-constrained\" style=\"border-radius:30px;padding-top:var(--wp--preset--spacing--large);padding-right:var(--wp--preset--spacing--large);padding-bottom:var(--wp--preset--spacing--large);padding-left:var(--wp--preset--spacing--large)\">\n<figure class=\"wp-block-image size-full\"><img decoding=\"async\" src=\"https:\/\/www.xyrix.cz\/wp-content\/themes\/blockskit-medical-health\/assets\/images\/review-img3.png\" alt=\"\" class=\"wp-image-409\"\/><\/figure>\n\n\n\n<p class=\"has-medium-font-size\" style=\"margin-top:var(--wp--preset--spacing--small);margin-bottom:var(--wp--preset--spacing--x-small)\">Mudr.Martin Vavru\u0161a je empatick\u00fd,ochotn\u00fd,lidsk\u00fd. V\u00fdborn\u00fd specialista,super komunikace, moooc ochotn\u00e9 sest\u0159i\u010dky. V\u0161em v\u0159ele doporu\u010duji.<\/p>\n\n\n\n<div class=\"wp-block-group is-nowrap is-layout-flex wp-container-core-group-is-layout-cd9ab148 wp-block-group-is-layout-flex\">\n<div class=\"wp-block-group has-global-padding is-layout-constrained wp-container-core-group-is-layout-19e250f3 wp-block-group-is-layout-constrained\">\n<h5 class=\"wp-block-heading has-manrope-font-family\" style=\"font-style:normal;font-weight:700\">P\u0159ibylov\u00e1<\/h5>\n\n\n\n<p class=\"has-small-font-size\">Pacient<\/p>\n<\/div>\n<\/div>\n<\/div>\n<\/div>\n\n\n\n<div class=\"wp-block-cb-slide-v2 cb-slide swiper-slide\">\n<div class=\"wp-block-group has-light-background-color has-background has-global-padding is-layout-constrained wp-container-core-group-is-layout-21bfebb6 wp-block-group-is-layout-constrained\" style=\"border-radius:30px;padding-top:var(--wp--preset--spacing--large);padding-right:var(--wp--preset--spacing--large);padding-bottom:var(--wp--preset--spacing--large);padding-left:var(--wp--preset--spacing--large)\">\n<figure class=\"wp-block-image size-full\"><img decoding=\"async\" src=\"https:\/\/www.xyrix.cz\/wp-content\/themes\/blockskit-medical-health\/assets\/images\/review-img3.png\" alt=\"\" class=\"wp-image-409\"\/><\/figure>\n\n\n\n<p class=\"has-medium-font-size\" style=\"margin-top:var(--wp--preset--spacing--small);margin-bottom:var(--wp--preset--spacing--x-small)\">Velk\u00e1 spokojenost, p\u0159\u00edjemn\u00e9 prost\u0159ed\u00ed, lidsk\u00fd p\u0159\u00edstup l\u00e9ka\u0159e i sester. D\u011bkuji. R\u00e1d budu tuto ordinaci doporu\u010dovat ve sv\u00e9m okol\u00ed.<\/p>\n\n\n\n<div class=\"wp-block-group is-nowrap is-layout-flex wp-container-core-group-is-layout-cd9ab148 wp-block-group-is-layout-flex\">\n<div class=\"wp-block-group has-global-padding is-layout-constrained wp-container-core-group-is-layout-19e250f3 wp-block-group-is-layout-constrained\">\n<h5 class=\"wp-block-heading has-manrope-font-family\" style=\"font-style:normal;font-weight:700\">Ji\u0159\u00ed Podle\u0161\u00e1k<\/h5>\n\n\n\n<p class=\"has-small-font-size\">Pacient<\/p>\n<\/div>\n<\/div>\n<\/div>\n<\/div>\n<\/div><\/div><div class=\"cb-pagination swiper-pagination\"><\/div><\/div>\n<\/div>\n<\/div>\n","protected":false},"excerpt":{"rendered":"<p>Martin Vavru\u0161a Jmenuji se Martin Vavru\u0161a. Vystudoval jsem l\u00e9ka\u0159skou fakultu v Hradci Kr\u00e1lov\u00e9 a sou\u010dasn\u011b Vojenskou l\u00e9ka\u0159skou akademii Jana Evangelisty Purkyn\u011b. Dnes se ji\u017e tato \u0161kola jmenuje Fakulta ve\u0159ejn\u00e9ho zdravotnictv\u00ed Univerzity Obrany. V posledn\u00edch ro\u010dn\u00edc\u00edch l\u00e9ka\u0159sk\u00e9 fakulty jsem za\u010dal t\u00edhnout k chirurgick\u00fdm obor\u016fm a ihned po absolutoriu jsem se zapsal do oboru v\u0161eobecn\u00e9 chirurgie. Trust [&hellip;]<\/p>\n","protected":false},"author":1,"featured_media":0,"parent":0,"menu_order":0,"comment_status":"closed","ping_status":"closed","template":"blank","meta":{"pgc_sgb_lightbox_settings":"","footnotes":""},"class_list":["post-175","page","type-page","status-publish","hentry"],"yoast_head":"<!-- This site is optimized with the Yoast SEO plugin v27.2 - https:\/\/yoast.com\/product\/yoast-seo-wordpress\/ -->\n<title>Na\u0161i l\u00e9ka\u0159i - Xyrix<\/title>\n<meta name=\"robots\" content=\"index, follow, max-snippet:-1, max-image-preview:large, max-video-preview:-1\" \/>\n<link rel=\"canonical\" href=\"https:\/\/www.xyrix.cz\/?page_id=175\" \/>\n<meta property=\"og:locale\" content=\"en_US\" \/>\n<meta property=\"og:type\" content=\"article\" \/>\n<meta property=\"og:title\" content=\"Na\u0161i l\u00e9ka\u0159i - Xyrix\" \/>\n<meta property=\"og:description\" content=\"Martin Vavru\u0161a Jmenuji se Martin Vavru\u0161a. Vystudoval jsem l\u00e9ka\u0159skou fakultu v Hradci Kr\u00e1lov\u00e9 a sou\u010dasn\u011b Vojenskou l\u00e9ka\u0159skou akademii Jana Evangelisty Purkyn\u011b. Dnes se ji\u017e tato \u0161kola jmenuje Fakulta ve\u0159ejn\u00e9ho zdravotnictv\u00ed Univerzity Obrany. V posledn\u00edch ro\u010dn\u00edc\u00edch l\u00e9ka\u0159sk\u00e9 fakulty jsem za\u010dal t\u00edhnout k chirurgick\u00fdm obor\u016fm a ihned po absolutoriu jsem se zapsal do oboru v\u0161eobecn\u00e9 chirurgie. Trust [&hellip;]\" \/>\n<meta property=\"og:url\" content=\"https:\/\/www.xyrix.cz\/?page_id=175\" \/>\n<meta property=\"og:site_name\" content=\"Xyrix\" \/>\n<meta property=\"article:modified_time\" content=\"2026-01-24T21:59:32+00:00\" \/>\n<meta name=\"twitter:card\" content=\"summary_large_image\" \/>\n<meta name=\"twitter:label1\" content=\"Est. reading time\" \/>\n\t<meta name=\"twitter:data1\" content=\"6 minutes\" \/>\n<script type=\"application\/ld+json\" class=\"yoast-schema-graph\">{\"@context\":\"https:\/\/schema.org\",\"@graph\":[{\"@type\":\"WebPage\",\"@id\":\"https:\/\/www.xyrix.cz\/?page_id=175\",\"url\":\"https:\/\/www.xyrix.cz\/?page_id=175\",\"name\":\"Na\u0161i l\u00e9ka\u0159i - Xyrix\",\"isPartOf\":{\"@id\":\"https:\/\/www.xyrix.cz\/#website\"},\"primaryImageOfPage\":{\"@id\":\"https:\/\/www.xyrix.cz\/?page_id=175#primaryimage\"},\"image\":{\"@id\":\"https:\/\/www.xyrix.cz\/?page_id=175#primaryimage\"},\"thumbnailUrl\":\"https:\/\/www.xyrix.cz\/wp-content\/themes\/blockskit-medical-health\/assets\/images\/team-img5.png\",\"datePublished\":\"2025-06-10T08:07:04+00:00\",\"dateModified\":\"2026-01-24T21:59:32+00:00\",\"breadcrumb\":{\"@id\":\"https:\/\/www.xyrix.cz\/?page_id=175#breadcrumb\"},\"inLanguage\":\"en-US\",\"potentialAction\":[{\"@type\":\"ReadAction\",\"target\":[\"https:\/\/www.xyrix.cz\/?page_id=175\"]}]},{\"@type\":\"ImageObject\",\"inLanguage\":\"en-US\",\"@id\":\"https:\/\/www.xyrix.cz\/?page_id=175#primaryimage\",\"url\":\"\",\"contentUrl\":\"\"},{\"@type\":\"BreadcrumbList\",\"@id\":\"https:\/\/www.xyrix.cz\/?page_id=175#breadcrumb\",\"itemListElement\":[{\"@type\":\"ListItem\",\"position\":1,\"name\":\"Home\",\"item\":\"https:\/\/www.xyrix.cz\/\"},{\"@type\":\"ListItem\",\"position\":2,\"name\":\"Na\u0161i l\u00e9ka\u0159i\"}]},{\"@type\":\"WebSite\",\"@id\":\"https:\/\/www.xyrix.cz\/#website\",\"url\":\"https:\/\/www.xyrix.cz\/\",\"name\":\"Chirurgie \u0160luknov | Komplexn\u00ed P\u00e9\u010de a Estetick\u00e1 Medic\u00edna\",\"description\":\"Klinika s v\u00e1\u0161n\u00ed pro zdrav\u00ed\",\"publisher\":{\"@id\":\"https:\/\/www.xyrix.cz\/#organization\"},\"alternateName\":\"Xyrix\",\"potentialAction\":[{\"@type\":\"SearchAction\",\"target\":{\"@type\":\"EntryPoint\",\"urlTemplate\":\"https:\/\/www.xyrix.cz\/?s={search_term_string}\"},\"query-input\":{\"@type\":\"PropertyValueSpecification\",\"valueRequired\":true,\"valueName\":\"search_term_string\"}}],\"inLanguage\":\"en-US\"},{\"@type\":\"Organization\",\"@id\":\"https:\/\/www.xyrix.cz\/#organization\",\"name\":\"Xyrix s.r.o.\",\"url\":\"https:\/\/www.xyrix.cz\/\",\"logo\":{\"@type\":\"ImageObject\",\"inLanguage\":\"en-US\",\"@id\":\"https:\/\/www.xyrix.cz\/#\/schema\/logo\/image\/\",\"url\":\"https:\/\/www.xyrix.cz\/wp-content\/uploads\/2025\/06\/svgviewer-png-output-1.png\",\"contentUrl\":\"https:\/\/www.xyrix.cz\/wp-content\/uploads\/2025\/06\/svgviewer-png-output-1.png\",\"width\":196,\"height\":76,\"caption\":\"Xyrix s.r.o.\"},\"image\":{\"@id\":\"https:\/\/www.xyrix.cz\/#\/schema\/logo\/image\/\"}}]}<\/script>\n<!-- \/ Yoast SEO plugin. -->","yoast_head_json":{"title":"Na\u0161i l\u00e9ka\u0159i - Xyrix","robots":{"index":"index","follow":"follow","max-snippet":"max-snippet:-1","max-image-preview":"max-image-preview:large","max-video-preview":"max-video-preview:-1"},"canonical":"https:\/\/www.xyrix.cz\/?page_id=175","og_locale":"en_US","og_type":"article","og_title":"Na\u0161i l\u00e9ka\u0159i - Xyrix","og_description":"Martin Vavru\u0161a Jmenuji se Martin Vavru\u0161a. Vystudoval jsem l\u00e9ka\u0159skou fakultu v Hradci Kr\u00e1lov\u00e9 a sou\u010dasn\u011b Vojenskou l\u00e9ka\u0159skou akademii Jana Evangelisty Purkyn\u011b. Dnes se ji\u017e tato \u0161kola jmenuje Fakulta ve\u0159ejn\u00e9ho zdravotnictv\u00ed Univerzity Obrany. V posledn\u00edch ro\u010dn\u00edc\u00edch l\u00e9ka\u0159sk\u00e9 fakulty jsem za\u010dal t\u00edhnout k chirurgick\u00fdm obor\u016fm a ihned po absolutoriu jsem se zapsal do oboru v\u0161eobecn\u00e9 chirurgie. Trust [&hellip;]","og_url":"https:\/\/www.xyrix.cz\/?page_id=175","og_site_name":"Xyrix","article_modified_time":"2026-01-24T21:59:32+00:00","twitter_card":"summary_large_image","twitter_misc":{"Est. reading time":"6 minutes"},"schema":{"@context":"https:\/\/schema.org","@graph":[{"@type":"WebPage","@id":"https:\/\/www.xyrix.cz\/?page_id=175","url":"https:\/\/www.xyrix.cz\/?page_id=175","name":"Na\u0161i l\u00e9ka\u0159i - Xyrix","isPartOf":{"@id":"https:\/\/www.xyrix.cz\/#website"},"primaryImageOfPage":{"@id":"https:\/\/www.xyrix.cz\/?page_id=175#primaryimage"},"image":{"@id":"https:\/\/www.xyrix.cz\/?page_id=175#primaryimage"},"thumbnailUrl":"https:\/\/www.xyrix.cz\/wp-content\/themes\/blockskit-medical-health\/assets\/images\/team-img5.png","datePublished":"2025-06-10T08:07:04+00:00","dateModified":"2026-01-24T21:59:32+00:00","breadcrumb":{"@id":"https:\/\/www.xyrix.cz\/?page_id=175#breadcrumb"},"inLanguage":"en-US","potentialAction":[{"@type":"ReadAction","target":["https:\/\/www.xyrix.cz\/?page_id=175"]}]},{"@type":"ImageObject","inLanguage":"en-US","@id":"https:\/\/www.xyrix.cz\/?page_id=175#primaryimage","url":"","contentUrl":""},{"@type":"BreadcrumbList","@id":"https:\/\/www.xyrix.cz\/?page_id=175#breadcrumb","itemListElement":[{"@type":"ListItem","position":1,"name":"Home","item":"https:\/\/www.xyrix.cz\/"},{"@type":"ListItem","position":2,"name":"Na\u0161i l\u00e9ka\u0159i"}]},{"@type":"WebSite","@id":"https:\/\/www.xyrix.cz\/#website","url":"https:\/\/www.xyrix.cz\/","name":"Chirurgie \u0160luknov | Komplexn\u00ed P\u00e9\u010de a Estetick\u00e1 Medic\u00edna","description":"Klinika s v\u00e1\u0161n\u00ed pro zdrav\u00ed","publisher":{"@id":"https:\/\/www.xyrix.cz\/#organization"},"alternateName":"Xyrix","potentialAction":[{"@type":"SearchAction","target":{"@type":"EntryPoint","urlTemplate":"https:\/\/www.xyrix.cz\/?s={search_term_string}"},"query-input":{"@type":"PropertyValueSpecification","valueRequired":true,"valueName":"search_term_string"}}],"inLanguage":"en-US"},{"@type":"Organization","@id":"https:\/\/www.xyrix.cz\/#organization","name":"Xyrix s.r.o.","url":"https:\/\/www.xyrix.cz\/","logo":{"@type":"ImageObject","inLanguage":"en-US","@id":"https:\/\/www.xyrix.cz\/#\/schema\/logo\/image\/","url":"https:\/\/www.xyrix.cz\/wp-content\/uploads\/2025\/06\/svgviewer-png-output-1.png","contentUrl":"https:\/\/www.xyrix.cz\/wp-content\/uploads\/2025\/06\/svgviewer-png-output-1.png","width":196,"height":76,"caption":"Xyrix s.r.o."},"image":{"@id":"https:\/\/www.xyrix.cz\/#\/schema\/logo\/image\/"}}]}},"_links":{"self":[{"href":"https:\/\/www.xyrix.cz\/index.php?rest_route=\/wp\/v2\/pages\/175","targetHints":{"allow":["GET"]}}],"collection":[{"href":"https:\/\/www.xyrix.cz\/index.php?rest_route=\/wp\/v2\/pages"}],"about":[{"href":"https:\/\/www.xyrix.cz\/index.php?rest_route=\/wp\/v2\/types\/page"}],"author":[{"embeddable":true,"href":"https:\/\/www.xyrix.cz\/index.php?rest_route=\/wp\/v2\/users\/1"}],"replies":[{"embeddable":true,"href":"https:\/\/www.xyrix.cz\/index.php?rest_route=%2Fwp%2Fv2%2Fcomments&post=175"}],"version-history":[{"count":5,"href":"https:\/\/www.xyrix.cz\/index.php?rest_route=\/wp\/v2\/pages\/175\/revisions"}],"predecessor-version":[{"id":456,"href":"https:\/\/www.xyrix.cz\/index.php?rest_route=\/wp\/v2\/pages\/175\/revisions\/456"}],"wp:attachment":[{"href":"https:\/\/www.xyrix.cz\/index.php?rest_route=%2Fwp%2Fv2%2Fmedia&parent=175"}],"curies":[{"name":"wp","href":"https:\/\/api.w.org\/{rel}","templated":true}]}}